{"id":1670,"date":"2020-11-03T10:01:04","date_gmt":"2020-11-03T09:01:04","guid":{"rendered":"http:\/\/optim-conseil.fr\/dev\/?page_id=1670"},"modified":"2021-07-04T17:27:49","modified_gmt":"2021-07-04T15:27:49","slug":"prestation-1-4-management-de-la-qualite","status":"publish","type":"page","link":"http:\/\/optim-conseil.fr\/dev\/index.php\/prestation-1-4-management-de-la-qualite\/","title":{"rendered":"Prestation 1\/4 &#8211; Management de la qualit\u00e9"},"content":{"rendered":"<p>[vc_row full_width=&#8221;stretch_row_content&#8221; css=&#8221;.vc_custom_1622045939698{padding-top: 0px !important;padding-bottom: 0px !important;}&#8221;][vc_column]<div class=\"title-subtile-holder text-center\"><h6 class=\"section-title  dark_title\">Nos prestations<\/h6><h1 class=\"section-subtitle  dark_subtitle\"><\/h1><p class=\"section-description  dark_description\"><\/p><\/div>[vc_custom_heading text=&#8221;Management de la qualit\u00e9&#8221; font_container=&#8221;tag:h1|font_size:60px|text_align:center|color:%230172b6|line_height:60px&#8221; use_theme_fonts=&#8221;yes&#8221; css=&#8221;.vc_custom_1624903172631{margin-top: 15px !important;margin-bottom: 70px !important;}&#8221; el_class=&#8221;looking-for-heading&#8221;][\/vc_column][\/vc_row][vc_row full_width=&#8221;stretch_row_content&#8221; css=&#8221;.vc_custom_1622045962524{padding-top: 0px !important;padding-bottom: 0px !important;}&#8221;][vc_column css=&#8221;.vc_custom_1610616736717{margin-top: 30px !important;}&#8221;][vc_custom_heading text=&#8221;Notre accompagnement pour votre certification&#8221; font_container=&#8221;tag:h2|font_size:50px|text_align:center|color:%230172b6|line_height:50px&#8221; use_theme_fonts=&#8221;yes&#8221; css=&#8221;.vc_custom_1624903455945{margin-top: 15px !important;margin-bottom: 20px !important;}&#8221; el_class=&#8221;looking-for-heading&#8221;][\/vc_column][\/vc_row][vc_row full_width=&#8221;stretch_row&#8221; css=&#8221;.vc_custom_1622046130724{padding-top: 0px !important;padding-bottom: 0px !important;}&#8221;][vc_column width=&#8221;1\/2&#8243; css=&#8221;.vc_custom_1612275579944{margin-top: 0px !important;padding-right: 50px !important;}&#8221;][vc_custom_heading text=&#8221;ISO9001 : 2015&#8243; font_container=&#8221;tag:h3|font_size:30px|text_align:center|color:%23000000|line_height:90px&#8221; use_theme_fonts=&#8221;yes&#8221; css=&#8221;.vc_custom_1618579069308{margin-top: 15px !important;}&#8221; el_class=&#8221;looking-for-heading&#8221;][vc_single_image image=&#8221;1974&#8243; img_size=&#8221;medium&#8221; alignment=&#8221;center&#8221;][vc_column_text css=&#8221;.vc_custom_1618579125301{margin-top: 45px !important;padding-left: 25px !important;}&#8221;]<strong>TPE-PME, Optim\u2019Conseil vous accompagne pour mettre en place ou optimiser votre Syst\u00e8me de Management de la Qualit\u00e9 et aller jusqu\u2019\u00e0 la certification ISO9001 si vous le souhaitez.<\/strong>[\/vc_column_text][vc_column_text css=&#8221;.vc_custom_1612275781147{margin-top: 45px !important;padding-left: 25px !important;}&#8221;]<\/p>\n<p style=\"text-align: justify;\">Au programme de cet <strong>accompagnement sur mesure de 10 jours<\/strong> : prise en compte du contexte et des enjeux interne et externe, des besoins des parties int\u00e9ress\u00e9es pertinentes, \u00e9laboration de votre politique qualit\u00e9, de vos objectifs, cartographie des processus de bout-en-bout, analyse des risques et opportunit\u00e9s des processus et activit\u00e9s supports, suivi des non-conformit\u00e9s et r\u00e9clamations clients, am\u00e9lioration continue, revue de processus, audits internes et revue de direction.<\/p>\n<p style=\"text-align: justify;\"><strong>Optim\u2019Conseil vous aide \u00e0 construire votre syst\u00e8me et \u00e0 le faire vivre : avec l\u2019ISO9001 : 2015<\/strong>, finis les classeurs de proc\u00e9dures qui prennent la poussi\u00e8re parce qu\u2019ils ne sont jamais ouverts, abandonn\u00e9es les usines \u00e0 gaz \u00ab\u00a0 1 processus = 1 d\u00e9partement ou service \u00bb, finis les tableaux de bord avec un indicateur pour mesurer l\u2019efficacit\u00e9 de chaque activit\u00e9 , finies les revues de direction qui durent trois jours\u2026<\/p>\n<p>[\/vc_column_text][\/vc_column][vc_column width=&#8221;1\/2&#8243;][vc_custom_heading text=&#8221;QUALIOPI&#8221; font_container=&#8221;tag:h3|font_size:30px|text_align:center|color:%23000000|line_height:90px&#8221; use_theme_fonts=&#8221;yes&#8221; css=&#8221;.vc_custom_1618579082516{margin-top: 15px !important;}&#8221; el_class=&#8221;looking-for-heading&#8221;][vc_single_image image=&#8221;1810&#8243; img_size=&#8221;large&#8221; alignment=&#8221;center&#8221; css=&#8221;.vc_custom_1612275052484{margin-top: 0px !important;}&#8221;][vc_column_text css=&#8221;.vc_custom_1624907061024{margin-top: 30px !important;padding-left: 25px !important;}&#8221;]<strong>Organismes de formation, Optim\u2019Conseil vous accompagne pour\u00a0 aller jusqu\u2019\u00e0 la certification Qualiopi, afin que vos clients continuent \u00e0 b\u00e9n\u00e9ficier des aides des OPCO \u00e0 partir du 1er janvier 2022.<\/strong>[\/vc_column_text][vc_column_text css=&#8221;.vc_custom_1624907234368{padding-top: 30px !important;padding-left: 25px !important;}&#8221;]<\/p>\n<p style=\"text-align: justify;\"><strong>Pragmatique, accessible et modulaire, notre offre se veut adapt\u00e9e aux besoins de chaque organisme.<\/strong> Elle couvre \u00e0 la fois les actions de formation, les\u00a0bilans de comp\u00e9tences, l&#8217;accompagnement VAE\u00a0et l&#8217;apprentissage<\/p>\n<p style=\"text-align: justify;\">En fonction du degr\u00e9 d\u2019autonomie, de la capacit\u00e9 de l\u2019OF \u00e0 avancer par lui-m\u00eame , et de la taille de l\u2019OF,\u00a0 l\u2019offre est modulable : <strong>formation, accompagnement en pr\u00e9sentiel ou \u00e0 distance, audit \u00e0 blanc<\/strong>.<\/p>\n<p style=\"text-align: justify;\">Un diagnostic &#8211; r\u00e9alis\u00e9 via l\u2019application d\u00e9velopp\u00e9e par le <a href=\"http:\/\/www.performancequalitetpepme.fr\/\" target=\"_blank\" rel=\"noopener noreferrer\"><u>groupement Performance Qualit\u00e9 TPE-PME<\/u><\/a> avec notre partenaire num\u00e9rique ChangeForSaaS Solutions &#8211;\u00a0 permet d&#8217;identifier puis de suivre les actions n\u00e9cessaires \u00e0 la mise en oeuvre de la d\u00e9marche qualit\u00e9.<\/p>\n<p style=\"text-align: justify;\">Pour tester gratuitement l\u2019application : <a href=\"https:\/\/app.ancodea.com\/index.php?r=site%2Fsignupauto&amp;keycode1=Cf2Jk5vCrhFcY_4w9U24Hv-STRl1-a_$60HZo3cPUhrteeZXzKK65HIIYt9UC7T9qbRNOucjKDLpik)QuGGjOOrm7k7!aK2*mDN0xqS7tegK_basihKwv2SlVJewTPv5&amp;lgo=suf&amp;keycode2=T9p*i86KVWVTxw)PMG(79NbNW6!qFofYgEX$)NIRjdlQJgfVnaLfont!dmkiK$6rCNp$axP!K1JUQpp4*1SnY(h1gASq*IRCW6AxnQqyA0BRYqEXbW(zRbjyb2Ya(pdQ\" target=\"_blank\" rel=\"noopener noreferrer\">QUALITE OF.<\/a><\/p>\n<p>[\/vc_column_text][\/vc_column][\/vc_row][vc_row][vc_column css=&#8221;.vc_custom_1610619249135{margin-top: 40px !important;}&#8221;][vc_custom_heading text=&#8221;Quelques r\u00e9f\u00e9rences&#8221; font_container=&#8221;tag:h2|font_size:40px|text_align:center|color:%230172b6|line_height:40px&#8221; use_theme_fonts=&#8221;yes&#8221; css_animation=&#8221;none&#8221; css=&#8221;.vc_custom_1624903492674{margin-top: 40px !important;margin-bottom: 35px !important;}&#8221;][\/vc_column][\/vc_row][vc_row full_width=&#8221;stretch_row&#8221; css=&#8221;.vc_custom_1622046130724{padding-top: 0px !important;padding-bottom: 0px !important;}&#8221;][vc_column width=&#8221;1\/2&#8243; css=&#8221;.vc_custom_1612275579944{margin-top: 0px !important;padding-right: 50px !important;}&#8221;][vc_custom_heading text=&#8221;ISO9001 : 2015&#8243; font_container=&#8221;tag:h3|font_size:30px|text_align:center|color:%23000000|line_height:90px&#8221; use_theme_fonts=&#8221;yes&#8221; css=&#8221;.vc_custom_1618579069308{margin-top: 15px !important;}&#8221; el_class=&#8221;looking-for-heading&#8221;][\/vc_column][vc_column width=&#8221;1\/2&#8243;][vc_custom_heading text=&#8221;QUALIOPI&#8221; font_container=&#8221;tag:h3|font_size:30px|text_align:center|color:%23000000|line_height:90px&#8221; use_theme_fonts=&#8221;yes&#8221; css=&#8221;.vc_custom_1618579082516{margin-top: 15px !important;}&#8221; el_class=&#8221;looking-for-heading&#8221;][\/vc_column][\/vc_row][vc_row equal_height=&#8221;yes&#8221;][vc_column width=&#8221;1\/2&#8243; css=&#8221;.vc_custom_1610619249135{margin-top: 40px !important;}&#8221;][vc_images_carousel images=&#8221;2712,2710,2708,2698,2695,2689,2692&#8243; img_size=&#8221;medium&#8221; speed=&#8221;2000&#8243; autoplay=&#8221;yes&#8221; wrap=&#8221;yes&#8221;][\/vc_column][vc_column width=&#8221;1\/2&#8243;][vc_images_carousel images=&#8221;2713,2707,2705,2704,2703,2694,2686,2684&#8243; img_size=&#8221;medium&#8221; speed=&#8221;2000&#8243; autoplay=&#8221;yes&#8221; wrap=&#8221;yes&#8221;][\/vc_column][\/vc_row][vc_row full_width=&#8221;stretch_row&#8221; css=&#8221;.vc_custom_1622045285258{background-color: #f6f6f6 !important;}&#8221;][vc_column css=&#8221;.vc_custom_1610619249135{margin-top: 40px !important;}&#8221;][vc_custom_heading text=&#8221;Nos derniers articles sur le Management de la qualit\u00e9&#8221; font_container=&#8221;tag:h2|font_size:50px|text_align:center|color:%230172b6|line_height:50px&#8221; use_theme_fonts=&#8221;yes&#8221; css_animation=&#8221;none&#8221; css=&#8221;.vc_custom_1624914444737{margin-top: 30px !important;margin-bottom: 35px !important;}&#8221;][vc_posts_slider count=&#8221;All&#8221; interval=&#8221;5&#8243; slides_content=&#8221;teaser&#8221; slides_title=&#8221;1&#8243; thumb_size=&#8221;small&#8221; orderby=&#8221;date&#8221; posttypes=&#8221;post&#8221; categories=&#8221;Management de la qualit\u00e9&#8221; css=&#8221;.vc_custom_1624903258454{padding-right: 30px !important;padding-left: 30px !important;}&#8221;][vc_btn title=&#8221;Contactez-nous !&#8221; shape=&#8221;round&#8221; color=&#8221;danger&#8221; size=&#8221;lg&#8221; align=&#8221;center&#8221; css=&#8221;.vc_custom_1624642855408{margin-top: 10px !important;}&#8221; link=&#8221;url:http%3A%2F%2Foptim-conseil.fr%2Fdev%2Findex.php%2Foptim-conseil-contact%2F|title:Contact%20%E2%80%93%20Optim%E2%80%99Conseil&#8221;][\/vc_column][\/vc_row]<\/p>\n","protected":false},"excerpt":{"rendered":"<p>\t\t\t\t<![CDATA[]]>\t\t<\/p>\n","protected":false},"author":1,"featured_media":0,"parent":0,"menu_order":0,"comment_status":"closed","ping_status":"closed","template":"","meta":[],"yoast_head":"<!-- This site is optimized with the Yoast SEO plugin v16.5 - https:\/\/yoast.com\/wordpress\/plugins\/seo\/ -->\n<title>Conseil en Management de la qualit\u00e9 ISO9001 Qualiopi Optim&#039;Conseil<\/title>\n<meta name=\"description\" content=\"Pourquoi et comment mettre en place une d\u00e9marche qualit\u00e9 au sein de votre entreprise, quelle que soit sa taille\" \/>\n<meta name=\"robots\" content=\"index, follow, max-snippet:-1, max-image-preview:large, max-video-preview:-1\" \/>\n<link rel=\"canonical\" href=\"http:\/\/optim-conseil.fr\/dev\/index.php\/prestation-1-4-management-de-la-qualite\/\" \/>\n<meta property=\"og:locale\" content=\"fr_FR\" \/>\n<meta property=\"og:type\" content=\"article\" \/>\n<meta property=\"og:title\" content=\"Conseil en Management de la qualit\u00e9 ISO9001 Qualiopi Optim&#039;Conseil\" \/>\n<meta property=\"og:description\" content=\"Pourquoi et comment mettre en place une d\u00e9marche qualit\u00e9 au sein de votre entreprise, quelle que soit sa taille\" \/>\n<meta property=\"og:url\" content=\"http:\/\/optim-conseil.fr\/dev\/index.php\/prestation-1-4-management-de-la-qualite\/\" \/>\n<meta property=\"og:site_name\" content=\"Optim&#039;Conseil\" \/>\n<meta property=\"article:modified_time\" content=\"2021-07-04T15:27:49+00:00\" \/>\n<meta name=\"twitter:card\" content=\"summary_large_image\" \/>\n<meta name=\"twitter:label1\" content=\"Dur\u00e9e de lecture est.\" \/>\n\t<meta name=\"twitter:data1\" content=\"3 minutes\" \/>\n<script type=\"application\/ld+json\" class=\"yoast-schema-graph\">{\"@context\":\"https:\/\/schema.org\",\"@graph\":[{\"@type\":\"WebSite\",\"@id\":\"http:\/\/optim-conseil.fr\/dev\/#website\",\"url\":\"http:\/\/optim-conseil.fr\/dev\/\",\"name\":\"Optim&#039;Conseil\",\"description\":\"Optimisez la performance de votre organisation\",\"potentialAction\":[{\"@type\":\"SearchAction\",\"target\":\"http:\/\/optim-conseil.fr\/dev\/?s={search_term_string}\",\"query-input\":\"required name=search_term_string\"}],\"inLanguage\":\"fr-FR\"},{\"@type\":\"WebPage\",\"@id\":\"http:\/\/optim-conseil.fr\/dev\/index.php\/prestation-1-4-management-de-la-qualite\/#webpage\",\"url\":\"http:\/\/optim-conseil.fr\/dev\/index.php\/prestation-1-4-management-de-la-qualite\/\",\"name\":\"Conseil en Management de la qualit\\u00e9 ISO9001 Qualiopi Optim&#039;Conseil\",\"isPartOf\":{\"@id\":\"http:\/\/optim-conseil.fr\/dev\/#website\"},\"datePublished\":\"2020-11-03T09:01:04+00:00\",\"dateModified\":\"2021-07-04T15:27:49+00:00\",\"description\":\"Pourquoi et comment mettre en place une d\\u00e9marche qualit\\u00e9 au sein de votre entreprise, quelle que soit sa taille\",\"breadcrumb\":{\"@id\":\"http:\/\/optim-conseil.fr\/dev\/index.php\/prestation-1-4-management-de-la-qualite\/#breadcrumb\"},\"inLanguage\":\"fr-FR\",\"potentialAction\":[{\"@type\":\"ReadAction\",\"target\":[\"http:\/\/optim-conseil.fr\/dev\/index.php\/prestation-1-4-management-de-la-qualite\/\"]}]},{\"@type\":\"BreadcrumbList\",\"@id\":\"http:\/\/optim-conseil.fr\/dev\/index.php\/prestation-1-4-management-de-la-qualite\/#breadcrumb\",\"itemListElement\":[{\"@type\":\"ListItem\",\"position\":1,\"name\":\"Accueil\",\"item\":\"http:\/\/optim-conseil.fr\/dev\/\"},{\"@type\":\"ListItem\",\"position\":2,\"name\":\"Prestation 1\/4 &#8211; Management de la qualit\\u00e9\"}]}]}<\/script>\n<!-- \/ Yoast SEO plugin. -->","_links":{"self":[{"href":"http:\/\/optim-conseil.fr\/dev\/index.php\/wp-json\/wp\/v2\/pages\/1670"}],"collection":[{"href":"http:\/\/optim-conseil.fr\/dev\/index.php\/wp-json\/wp\/v2\/pages"}],"about":[{"href":"http:\/\/optim-conseil.fr\/dev\/index.php\/wp-json\/wp\/v2\/types\/page"}],"author":[{"embeddable":true,"href":"http:\/\/optim-conseil.fr\/dev\/index.php\/wp-json\/wp\/v2\/users\/1"}],"replies":[{"embeddable":true,"href":"http:\/\/optim-conseil.fr\/dev\/index.php\/wp-json\/wp\/v2\/comments?post=1670"}],"version-history":[{"count":99,"href":"http:\/\/optim-conseil.fr\/dev\/index.php\/wp-json\/wp\/v2\/pages\/1670\/revisions"}],"predecessor-version":[{"id":2813,"href":"http:\/\/optim-conseil.fr\/dev\/index.php\/wp-json\/wp\/v2\/pages\/1670\/revisions\/2813"}],"wp:attachment":[{"href":"http:\/\/optim-conseil.fr\/dev\/index.php\/wp-json\/wp\/v2\/media?parent=1670"}],"curies":[{"name":"wp","href":"https:\/\/api.w.org\/{rel}","templated":true}]}}