{"id":816,"date":"2018-11-01T16:55:21","date_gmt":"2018-11-01T16:55:21","guid":{"rendered":"https:\/\/niva.lucianionut.com\/?page_id=816"},"modified":"2021-07-03T13:46:32","modified_gmt":"2021-07-03T11:46:32","slug":"home-v2","status":"publish","type":"page","link":"http:\/\/optim-conseil.fr\/dev\/index.php\/home-v2\/","title":{"rendered":"Prestation &#8211; Optim Conseil"},"content":{"rendered":"<p>[vc_row css=&#8221;.vc_custom_1602169371697{margin-bottom: 0px !important;padding-top: 0px !important;padding-bottom: 0px !important;}&#8221;][vc_column css=&#8221;.vc_custom_1605864303686{margin-top: 10px !important;margin-bottom: 30px !important;}&#8221; offset=&#8221;vc_col-xs-12&#8243;][vc_custom_heading text=&#8221;Nos prestations&#8221; font_container=&#8221;tag:h1|font_size:60px|text_align:center|color:%230172b6|line_height:60px&#8221; use_theme_fonts=&#8221;yes&#8221; css_animation=&#8221;none&#8221; css=&#8221;.vc_custom_1624909660118{margin-top: 15px !important;margin-bottom: 25px !important;}&#8221; el_class=&#8221;looking-for-heading&#8221;][vc_column_text css=&#8221;.vc_custom_1622042347194{margin-top: 45px !important;}&#8221;]<\/p>\n<p style=\"text-align: left;\">Avant chaque prestation, nous adoptons une d\u00e9marche en 6 \u00e9tapes pour appr\u00e9hender au mieux votre situation, d\u00e9finir vos besoins et mettre en place un plan d&#8217;action optimal :<\/p>\n<p>&nbsp;<\/p>\n<p>1. Un <strong>premier entretien gratuit<\/strong> pour appr\u00e9hender votre probl\u00e9matique<br \/>\n2. \u00c9tablissement d\u2019un <strong>pr\u00e9-diagnostic et d\u2019un devis<\/strong>.<br \/>\n3. Acceptation du devis<br \/>\n4. <strong>Entretiens individuels<\/strong> avec les associ\u00e9s, les collaborateurs concern\u00e9s<br \/>\n5. \u00c9laboration et pr\u00e9sentation du <strong>compte rendu de diagnostic<\/strong><br \/>\n6. \u00c9laboration d\u2019un<strong> plan de progr\u00e8s<\/strong> <strong>collectif<\/strong> concret et r\u00e9alisable.<\/p>\n<p>&nbsp;<\/p>\n<h3>Une fois la d\u00e9finition des besoins et le plan de progr\u00e8s clairement d\u00e9cid\u00e9s, Optim&#8217;Conseil vous accompagne de 3 fa\u00e7ons :<\/h3>\n<p>[\/vc_column_text][vc_column_text css=&#8221;.vc_custom_1605864171003{margin-top: 45px !important;padding-bottom: 50px !important;}&#8221;][\/vc_column_text][\/vc_column][\/vc_row][vc_row][vc_column width=&#8221;1\/3&#8243;][vc_icon type=&#8221;entypo&#8221; icon_entypo=&#8221;entypo-icon entypo-icon-thumbs-up&#8221; color=&#8221;custom&#8221; background_style=&#8221;rounded-outline&#8221; background_color=&#8221;custom&#8221; size=&#8221;xl&#8221; align=&#8221;center&#8221; custom_color=&#8221;#3ba0d4&#8243; custom_background_color=&#8221;#3ba0d4&#8243;][vc_column_text]<\/p>\n<p style=\"text-align: center;\">L&#8217;<strong>accompagnement <\/strong>et\u00a0l&#8217;<strong>aide \u00e0 la mise en place du plan de progr\u00e8s<\/strong> \u00e0 moyen et long terme<\/p>\n<p>[\/vc_column_text][\/vc_column][vc_column width=&#8221;1\/3&#8243;][vc_icon type=&#8221;monosocial&#8221; icon_monosocial=&#8221;vc-mono vc-mono-googletalk&#8221; color=&#8221;custom&#8221; background_style=&#8221;rounded-outline&#8221; background_color=&#8221;custom&#8221; size=&#8221;xl&#8221; align=&#8221;center&#8221; custom_color=&#8221;#3ba0d4&#8243; custom_background_color=&#8221;#3ba0d4&#8243;][vc_column_text]<\/p>\n<p style=\"text-align: center;\">Des <strong>formations<\/strong> adapt\u00e9es \u00e0 vos besoins<\/p>\n<p>[\/vc_column_text][\/vc_column][vc_column width=&#8221;1\/3&#8243;][vc_icon type=&#8221;entypo&#8221; icon_entypo=&#8221;entypo-icon entypo-icon-export&#8221; color=&#8221;custom&#8221; background_style=&#8221;rounded-outline&#8221; background_color=&#8221;custom&#8221; size=&#8221;xl&#8221; align=&#8221;center&#8221; custom_color=&#8221;#3ba0d4&#8243; custom_background_color=&#8221;#3ba0d4&#8243;][vc_column_text]<\/p>\n<p style=\"text-align: center;\">Le d\u00e9veloppement de <strong>solutions informatiques<\/strong><\/p>\n<p>[\/vc_column_text][\/vc_column][\/vc_row][vc_row css=&#8221;.vc_custom_1602169371697{margin-bottom: 0px !important;padding-top: 0px !important;padding-bottom: 0px !important;}&#8221;][vc_column css=&#8221;.vc_custom_1605864303686{margin-top: 10px !important;margin-bottom: 30px !important;}&#8221; offset=&#8221;vc_col-xs-12&#8243;][vc_custom_heading text=&#8221;Nos expertises&#8221; font_container=&#8221;tag:h1|font_size:60px|text_align:center|color:%230172b6|line_height:60px&#8221; use_theme_fonts=&#8221;yes&#8221; css_animation=&#8221;none&#8221; css=&#8221;.vc_custom_1624909709212{margin-top: 15px !important;margin-bottom: 25px !important;}&#8221; el_class=&#8221;looking-for-heading&#8221;][\/vc_column][\/vc_row][vc_row full_width=&#8221;stretch_row_content&#8221; css=&#8221;.vc_custom_1622042471499{margin-top: 80px !important;margin-bottom: 0px !important;}&#8221;][vc_column][vc_row_inner css=&#8221;.vc_custom_1622149649224{margin-top: 0px !important;}&#8221;][vc_column_inner width=&#8221;1\/2&#8243;][vc_custom_heading text=&#8221;01. Management de la Qualit\u00e9&#8221; font_container=&#8221;tag:h2|font_size:50px|text_align:left|color:%230172b6|line_height:50px&#8221; use_theme_fonts=&#8221;yes&#8221; css_animation=&#8221;none&#8221; css=&#8221;.vc_custom_1624903083875{margin-top: 3px !important;margin-bottom: 35px !important;}&#8221;][vc_column_text css_animation=&#8221;none&#8221; css=&#8221;.vc_custom_1622042793700{margin-bottom: 45px !important;}&#8221;]<b>Pourquoi mettre en place une d\u00e9marche qualit\u00e9 au sein de votre entreprise,<\/b><\/p>\n<p><b> quelle que soit sa taille ?<\/b>[\/vc_column_text][vc_column_text css_animation=&#8221;none&#8221; css=&#8221;.vc_custom_1622044914193{margin-bottom: 20px !important;}&#8221;]Parce que vos clients vous le demandent, c\u2019est vital pour continuer \u00e0 travailler avec eux, mais surtout :<\/p>\n<ul>\n<li>Parce que votre objectif N\u00b0 1 est la satisfaction de vos clients<\/li>\n<li>Pour \u00eatre mieux structur\u00e9<\/li>\n<li>Pour gagner en efficacit\u00e9 et en efficience<\/li>\n<li>Pour anticiper les risques et les opportunit\u00e9s li\u00e9s \u00e0 votre m\u00e9tier<\/li>\n<\/ul>\n<p>Optim&#8217;Conseil vous accompagne <strong>jusqu&#8217;\u00e0 la certification ISO9001 : 2015 ou la certification Qualiopi<\/strong> si vous le souhaitez.[\/vc_column_text][vc_btn title=&#8221;En savoir plus&#8221; shape=&#8221;round&#8221; color=&#8221;primary&#8221; size=&#8221;lg&#8221; align=&#8221;center&#8221; link=&#8221;url:http%3A%2F%2Foptim-conseil.fr%2Fdev%2Findex.php%2Fprestation-1-4-management-de-la-qualite%2F|title:En%20savoir%20plus&#8221;][\/vc_column_inner][vc_column_inner width=&#8221;1\/2&#8243; css=&#8221;.vc_custom_1622148956622{margin-top: 150px !important;}&#8221;][vc_single_image image=&#8221;1582&#8243; img_size=&#8221;medium&#8221; alignment=&#8221;center&#8221; css=&#8221;.vc_custom_1624910829689{padding-top: 50px !important;padding-left: 30px !important;}&#8221;][\/vc_column_inner][\/vc_row_inner][\/vc_column][vc_column el_id=&#8221;bloc-gris&#8221;][vc_row_inner css=&#8221;.vc_custom_1622149659649{margin-top: 15px !important;border-top-width: 15px !important;padding-top: 30px !important;background-color: #f6f6f6 !important;}&#8221;][vc_column_inner width=&#8221;1\/2&#8243; offset=&#8221;vc_hidden-xs&#8221;][vc_single_image image=&#8221;1590&#8243; img_size=&#8221;medium&#8221; css=&#8221;.vc_custom_1624910808413{margin-top: 150px !important;margin-left: 150px !important;}&#8221;][\/vc_column_inner][vc_column_inner width=&#8221;1\/2&#8243;][vc_custom_heading text=&#8221;02. Am\u00e9lioration continue&#8221; font_container=&#8221;tag:h2|font_size:50px|text_align:left|color:%230172b6|line_height:50px&#8221; use_theme_fonts=&#8221;yes&#8221; css_animation=&#8221;none&#8221; css=&#8221;.vc_custom_1622042913337{margin-top: 3px !important;margin-bottom: 35px !important;}&#8221;][vc_column_text css_animation=&#8221;none&#8221; css=&#8221;.vc_custom_1622044999450{margin-bottom: 45px !important;}&#8221;]<\/p>\n<p style=\"max-width: 500px; margin-bottom: 30px;\"><b>Pourquoi mettre en place une d\u00e9marche d&#8217;Am\u00e9lioration Continue au sein de votre entreprise ?<\/b><\/p>\n<p>[\/vc_column_text][vc_column_text css_animation=&#8221;none&#8221; css=&#8221;.vc_custom_1622041432915{margin-bottom: 15px !important;}&#8221;]Parce que vous partez du principe que l&#8217;on peut toujours progresser, et<\/p>\n<ul>\n<li>Parce que vous souhaitez p\u00e9renniser l&#8217;activit\u00e9 de votre entreprise, en apportant des changements r\u00e9guliers et progressifs \u00e0 votre organisation<\/li>\n<li>Pour standardiser les bonnes pratiques<\/li>\n<li>Pour am\u00e9liorer sans cesse la performance de votre organisation<\/li>\n<\/ul>\n<p>[\/vc_column_text][vc_btn title=&#8221;En savoir plus&#8221; shape=&#8221;round&#8221; color=&#8221;primary&#8221; align=&#8221;center&#8221; link=&#8221;url:http%3A%2F%2Foptim-conseil.fr%2Fdev%2Findex.php%2Fprestation-2-4-amelioration-continue%2F|title:En%20savoir%20plus&#8221;][\/vc_column_inner][\/vc_row_inner][\/vc_column][vc_column][vc_row_inner css=&#8221;.vc_custom_1622149668467{border-top-width: 20px !important;padding-top: 30px !important;}&#8221;][vc_column_inner width=&#8221;1\/2&#8243;][vc_custom_heading text=&#8221;03. Coh\u00e9sion d&#8217;\u00e9quipe&#8221; font_container=&#8221;tag:h2|font_size:50px|text_align:left|color:%230172b6|line_height:50px&#8221; use_theme_fonts=&#8221;yes&#8221; css_animation=&#8221;none&#8221; css=&#8221;.vc_custom_1622042928986{margin-top: 3px !important;margin-bottom: 30px !important;}&#8221;][vc_column_text css_animation=&#8221;none&#8221; css=&#8221;.vc_custom_1622041298533{margin-bottom: 45px !important;}&#8221;]<strong>Pourquoi se soucier de l&#8217;esprit d&#8217;\u00e9quipe dans votre entreprise ?<\/strong>[\/vc_column_text][vc_column_text css_animation=&#8221;none&#8221; css=&#8221;.vc_custom_1622041410501{margin-bottom: 15px !important;}&#8221;]Parce qu&#8217;impliquer vos \u00e9quipes favorise leur engagement, et aussi&#8230;<\/p>\n<ul>\n<li>Parce que cela permet de conserver les savoirs et comp\u00e9tences cl\u00e9s au sein de l&#8217;entreprise<\/li>\n<li>Parce que le collectif, plus que la somme des individus, est capable de soulever des montagnes !<\/li>\n<li>Pour am\u00e9liorer l&#8217;efficacit\u00e9 et la productivit\u00e9 gr\u00e2ce \u00e0 une \u00e9quipe motiv\u00e9e<\/li>\n<\/ul>\n<p>[\/vc_column_text][vc_btn title=&#8221;En savoir plus&#8221; shape=&#8221;round&#8221; color=&#8221;primary&#8221; align=&#8221;center&#8221; link=&#8221;url:http%3A%2F%2Foptim-conseil.fr%2Fdev%2Findex.php%2Fprestation-4-4-cohesion-dequipe%2F|title:Prestation%203%2F4%20%E2%80%93%20Syst%C3%A8me%20d%E2%80%99information&#8221;][\/vc_column_inner][vc_column_inner width=&#8221;1\/2&#8243; offset=&#8221;vc_hidden-xs&#8221;][vc_single_image image=&#8221;1694&#8243; img_size=&#8221;medium&#8221; alignment=&#8221;center&#8221; css=&#8221;.vc_custom_1624910819229{margin-top: 150px !important;padding-left: 0px !important;}&#8221;][\/vc_column_inner][\/vc_row_inner][\/vc_column][\/vc_row][vc_row full_width=&#8221;stretch_row&#8221; css=&#8221;.vc_custom_1622044152405{background-color: #f6f6f6 !important;}&#8221;][vc_column][vc_custom_heading text=&#8221;Nos clients t\u00e9moignent&#8221; font_container=&#8221;tag:h3|font_size:50px|text_align:center|color:%230172b6|line_height:50px&#8221; use_theme_fonts=&#8221;yes&#8221; css_animation=&#8221;none&#8221; css=&#8221;.vc_custom_1624909737172{margin-top: 40px !important;}&#8221;]<div class=\"vc_row\"><div class=\"testimonials-container-1 owl-carousel owl-theme\">\n                \t<div class=\"item vc_col-md-12 relative\">\n\t                \t<div class=\"testimonial01_item\">        \t\n\t\t                \t<div class=\"testimonial01-img-holder pull-left\"><span class=\"testimonail01-mark\">\u201d<\/span><div class=\"testimonail01-content \" style=\"color:#000000;\"><p>La certification Qualiopi m&#8217;a permis de d\u00e9finir un process clair, qui aide le stagiaire \u00e0 identifier les comp\u00e9tences qu\u2019il va acqu\u00e9rir. C\u2019\u00e9tait plus qu\u2019utile pour moi d&#8217;\u00eatre accompagn\u00e9e dans cette d\u00e9marche pour d\u00e9crypter les \u00e9l\u00e9ments de langage et comprendre plus rapidement ce qui \u00e9tait attendu. J\u2019ai avanc\u00e9 beaucoup plus vite et en toute s\u00e9r\u00e9nit\u00e9 gr\u00e2ce \u00e0 St\u00e9phanie.\n<\/p><\/div>\n                        <div class=\"testimonail01-profile-content \"><div class=\"testimonail01-name-position text-center\">\n\t\t                        <p class=\"name-test\" style=\"color:#000000;\">Fanny<\/p>\n                            <p class=\"position-test\" style=\"color:#000000;\">Dirigeante & Formatrice - Uptimist, organisme de formation certifi\u00e9 Qualiopi en juin 2021<\/p>\n\t\t                    <\/div>\n\t\t                <\/div>\n                      <\/div>\n\t\t                <\/div>\n\t                <\/div>\n                \t<div class=\"item vc_col-md-12 relative\">\n\t                \t<div class=\"testimonial01_item\">        \t\n\t\t                \t<div class=\"testimonial01-img-holder pull-left\"><span class=\"testimonail01-mark\">\u201d<\/span><div class=\"testimonail01-content \" style=\"color:#000000;\"><p>Optim\u2019Conseil a aid\u00e9 ma soci\u00e9t\u00e9 \u00e0 d\u00e9nouer les n\u0153uds form\u00e9s au cours de cycle de croissance, en repensant les interactions des fonctions supports. L\u2019approche qualit\u00e9 permet de gagner en rentabilit\u00e9 en trouvant des solutions par et avec les salari\u00e9s.\nSt\u00e9phanie, par son sens de l\u2019entrepreneuriat et sa dimension humaine, a su r\u00e9pondre \u00e0 mes enjeux de structuration.\n<\/p><\/div>\n                        <div class=\"testimonail01-profile-content \"><div class=\"testimonail01-name-position text-center\">\n\t\t                        <p class=\"name-test\" style=\"color:#000000;\">Thibault<\/p>\n                            <p class=\"position-test\" style=\"color:#000000;\">Pr\u00e9sident - Dubois Grandes Cuisines<\/p>\n\t\t                    <\/div>\n\t\t                <\/div>\n                      <\/div>\n\t\t                <\/div>\n\t                <\/div>\n                \t<div class=\"item vc_col-md-12 relative\">\n\t                \t<div class=\"testimonial01_item\">        \t\n\t\t                \t<div class=\"testimonial01-img-holder pull-left\"><span class=\"testimonail01-mark\">\u201d<\/span><div class=\"testimonail01-content \" style=\"color:#000000;\"><p>La mise en conformit\u00e9 avec le r\u00e9f\u00e9rentiel QUALIOPI nous aide \u00e0 mieux structurer nos processus actuels, et\u00a0 va nous aider \u00e0 am\u00e9liorer en permanence nos contenus et nos m\u00e9thodes p\u00e9dagogiques.\nQuant \u00e0 l&#8217;accompagnement,\u00a0nous ne pourrions faire sans elle : St\u00e9phanie d\u00e9dramatise certains points, nous encourage dans notre progression et pointe du doigt les approximations.\n&nbsp;\n<\/p><\/div>\n                        <div class=\"testimonail01-profile-content \"><div class=\"testimonail01-name-position text-center\">\n\t\t                        <p class=\"name-test\" style=\"color:#000000;\">Lucie<\/p>\n                            <p class=\"position-test\" style=\"color:#000000;\">co-fondatrice - La Team Web, organisme de formation certifi\u00e9 Qualiopi en novembre 2020<\/p>\n\t\t                    <\/div>\n\t\t                <\/div>\n                      <\/div>\n\t\t                <\/div>\n\t                <\/div>\n                \t<div class=\"item vc_col-md-12 relative\">\n\t                \t<div class=\"testimonial01_item\">        \t\n\t\t                \t<div class=\"testimonial01-img-holder pull-left\"><span class=\"testimonail01-mark\">\u201d<\/span><div class=\"testimonail01-content \" style=\"color:#000000;\"><p>Ayant pilot\u00e9 le d\u00e9ploiement du SMQ Groupe sur deux sites avec l\u2019aide de St\u00e9phanie Heurtaut, avec qui j\u2019ai pu travailler efficacement, je peux t\u00e9moigner des r\u00e9sultats obtenus : division par trois des r\u00e9clamations clients sur un an, baisse des rebuts &amp; d\u00e9chets de 30% sur un an. Ce sont l\u00e0 des effets directs de la d\u00e9marche qualit\u00e9.\n<\/p><\/div>\n                        <div class=\"testimonail01-profile-content \"><div class=\"testimonail01-name-position text-center\">\n\t\t                        <p class=\"name-test\" style=\"color:#000000;\">J\u00e9r\u00f4me<\/p>\n                            <p class=\"position-test\" style=\"color:#000000;\">Directeur des sites de Hermes et Villers Saint Paul - Borflex, groupe certifi\u00e9 ISO9001 : 2015 en avril 2019<\/p>\n\t\t                    <\/div>\n\t\t                <\/div>\n                      <\/div>\n\t\t                <\/div>\n\t                <\/div>\n                \t<div class=\"item vc_col-md-12 relative\">\n\t                \t<div class=\"testimonial01_item\">        \t\n\t\t                \t<div class=\"testimonial01-img-holder pull-left\"><span class=\"testimonail01-mark\">\u201d<\/span><div class=\"testimonail01-content \" style=\"color:#000000;\"><p>Par son exp\u00e9rience, St\u00e9phanie Heurtaut a r\u00e9ussi \u00e0 mettre en place une dynamique d&#8217;entreprise avec le d\u00e9marrage d&#8217;un gros chantier : l&#8217;am\u00e9lioration de la productivit\u00e9 globale et de la Qualit\u00e9 interne. Un des principaux challenges \u00e9tait de faire adh\u00e9rer l&#8217;\u00e9quipe sans l&#8217; heurter : elle adh\u00e8re aujourd&#8217;hui \u00e0 ce m\u00e9canisme de\u00a0r\u00e9solution de probl\u00e8me\u00a0est devient vraiment proactive.\n<\/p><\/div>\n                        <div class=\"testimonail01-profile-content \"><div class=\"testimonail01-name-position text-center\">\n\t\t                        <p class=\"name-test\" style=\"color:#000000;\">Yannick<\/p>\n                            <p class=\"position-test\" style=\"color:#000000;\">PDG - Stephid<\/p>\n\t\t                    <\/div>\n\t\t                <\/div>\n                      <\/div>\n\t\t                <\/div>\n\t                <\/div>\n                \t<div class=\"item vc_col-md-12 relative\">\n\t                \t<div class=\"testimonial01_item\">        \t\n\t\t                \t<div class=\"testimonial01-img-holder pull-left\"><span class=\"testimonail01-mark\">\u201d<\/span><div class=\"testimonail01-content \" style=\"color:#000000;\"><p>Nous avons appr\u00e9ci\u00e9 le regard ext\u00e9rieur de la soci\u00e9t\u00e9 Optim\u2019Conseil.\nSt\u00e9phanie Heurtaut, par son exp\u00e9rience des process industriels, a su pointer les axes de progr\u00e8s dans l&#8217;organisation de l&#8217;entreprise, comme l\u2019optimisation de la gestion des stocks. Ses comp\u00e9tences en gestion des Syst\u00e8mes d&#8217;information ont permis de faire \u00e9voluer les outils de planification et de reporting.\n<\/p><\/div>\n                        <div class=\"testimonail01-profile-content \"><div class=\"testimonail01-name-position text-center\">\n\t\t                        <p class=\"name-test\" style=\"color:#000000;\">Emmanuel<\/p>\n                            <p class=\"position-test\" style=\"color:#000000;\">PDG - Le Relais Soissins<\/p>\n\t\t                    <\/div>\n\t\t                <\/div>\n                      <\/div>\n\t\t                <\/div>\n\t                <\/div>\n                \t<div class=\"item vc_col-md-12 relative\">\n\t                \t<div class=\"testimonial01_item\">        \t\n\t\t                \t<div class=\"testimonial01-img-holder pull-left\"><span class=\"testimonail01-mark\">\u201d<\/span><div class=\"testimonail01-content \" style=\"color:#000000;\"><p>L\u2019intervention d\u2019Optim\u2019Conseil nous permet d\u2019optimiser \u00a0l\u2019organisation interne, par la mise en place d\u2019indicateurs pertinents et motivants pour l\u2019\u00e9quipe. La relance de la\u00a0d\u00e9marche qualit\u00e9\u00a0a permis de prioriser nos actions et quantifier nos gains. La t\u00e9nacit\u00e9 de St\u00e9phanie nous aide \u00e0\u00a0prendre de la hauteur\u00a0et \u00e9viter d\u2019\u00eatre happ\u00e9s par le quotidien.\n<\/p><\/div>\n                        <div class=\"testimonail01-profile-content \"><div class=\"testimonail01-name-position text-center\">\n\t\t                        <p class=\"name-test\" style=\"color:#000000;\">St\u00e9phane<\/p>\n                            <p class=\"position-test\" style=\"color:#000000;\">PDG - Baudoux CM<\/p>\n\t\t                    <\/div>\n\t\t                <\/div>\n                      <\/div>\n\t\t                <\/div>\n\t                <\/div><\/div>\n    \t<\/div>[vc_btn title=&#8221;Contactez-nous&#8221; shape=&#8221;round&#8221; color=&#8221;danger&#8221; size=&#8221;lg&#8221; align=&#8221;center&#8221; css=&#8221;.vc_custom_1624642612646{margin-top: 50px !important;}&#8221; link=&#8221;url:http%3A%2F%2Foptim-conseil.fr%2Fdev%2Findex.php%2Foptim-conseil-contact%2F|title:Contact%20%E2%80%93%20Optim%E2%80%99Conseil&#8221;][\/vc_column][\/vc_row]<\/p>\n","protected":false},"excerpt":{"rendered":"<p>\t\t\t\t<![CDATA[]]>\t\t<\/p>\n","protected":false},"author":1,"featured_media":0,"parent":0,"menu_order":0,"comment_status":"closed","ping_status":"closed","template":"","meta":[],"yoast_head":"<!-- This site is optimized with the Yoast SEO plugin v16.5 - https:\/\/yoast.com\/wordpress\/plugins\/seo\/ -->\n<title>Prestations accompagnement conseilOptim&#039;Conseil<\/title>\n<meta name=\"description\" content=\"Optim\u2019Conseil accompagne votre organisme en Management de la Qualit\u00e9 (ISO9001 et Qualiopi), Am\u00e9lioration Continue et coh\u00e9sion d&#039;\u00e9quipes\" \/>\n<meta name=\"robots\" content=\"index, follow, max-snippet:-1, max-image-preview:large, max-video-preview:-1\" \/>\n<link rel=\"canonical\" href=\"http:\/\/optim-conseil.fr\/dev\/index.php\/home-v2\/\" \/>\n<meta property=\"og:locale\" content=\"fr_FR\" \/>\n<meta property=\"og:type\" content=\"article\" \/>\n<meta property=\"og:title\" content=\"Prestations accompagnement conseilOptim&#039;Conseil\" \/>\n<meta property=\"og:description\" content=\"Optim\u2019Conseil accompagne votre organisme en Management de la Qualit\u00e9 (ISO9001 et Qualiopi), Am\u00e9lioration Continue et coh\u00e9sion d&#039;\u00e9quipes\" \/>\n<meta property=\"og:url\" content=\"http:\/\/optim-conseil.fr\/dev\/index.php\/home-v2\/\" \/>\n<meta property=\"og:site_name\" content=\"Optim&#039;Conseil\" \/>\n<meta property=\"article:modified_time\" content=\"2021-07-03T11:46:32+00:00\" \/>\n<meta name=\"twitter:card\" content=\"summary_large_image\" \/>\n<meta name=\"twitter:label1\" content=\"Dur\u00e9e de lecture est.\" \/>\n\t<meta name=\"twitter:data1\" content=\"3 minutes\" \/>\n<script type=\"application\/ld+json\" class=\"yoast-schema-graph\">{\"@context\":\"https:\/\/schema.org\",\"@graph\":[{\"@type\":\"WebSite\",\"@id\":\"http:\/\/optim-conseil.fr\/dev\/#website\",\"url\":\"http:\/\/optim-conseil.fr\/dev\/\",\"name\":\"Optim&#039;Conseil\",\"description\":\"Optimisez la performance de votre organisation\",\"potentialAction\":[{\"@type\":\"SearchAction\",\"target\":\"http:\/\/optim-conseil.fr\/dev\/?s={search_term_string}\",\"query-input\":\"required name=search_term_string\"}],\"inLanguage\":\"fr-FR\"},{\"@type\":\"WebPage\",\"@id\":\"http:\/\/optim-conseil.fr\/dev\/index.php\/home-v2\/#webpage\",\"url\":\"http:\/\/optim-conseil.fr\/dev\/index.php\/home-v2\/\",\"name\":\"Prestations accompagnement conseilOptim&#039;Conseil\",\"isPartOf\":{\"@id\":\"http:\/\/optim-conseil.fr\/dev\/#website\"},\"datePublished\":\"2018-11-01T16:55:21+00:00\",\"dateModified\":\"2021-07-03T11:46:32+00:00\",\"description\":\"Optim\\u2019Conseil accompagne votre organisme en Management de la Qualit\\u00e9 (ISO9001 et Qualiopi), Am\\u00e9lioration Continue et coh\\u00e9sion d'\\u00e9quipes\",\"breadcrumb\":{\"@id\":\"http:\/\/optim-conseil.fr\/dev\/index.php\/home-v2\/#breadcrumb\"},\"inLanguage\":\"fr-FR\",\"potentialAction\":[{\"@type\":\"ReadAction\",\"target\":[\"http:\/\/optim-conseil.fr\/dev\/index.php\/home-v2\/\"]}]},{\"@type\":\"BreadcrumbList\",\"@id\":\"http:\/\/optim-conseil.fr\/dev\/index.php\/home-v2\/#breadcrumb\",\"itemListElement\":[{\"@type\":\"ListItem\",\"position\":1,\"name\":\"Accueil\",\"item\":\"http:\/\/optim-conseil.fr\/dev\/\"},{\"@type\":\"ListItem\",\"position\":2,\"name\":\"Prestation &#8211; Optim Conseil\"}]}]}<\/script>\n<!-- \/ Yoast SEO plugin. -->","_links":{"self":[{"href":"http:\/\/optim-conseil.fr\/dev\/index.php\/wp-json\/wp\/v2\/pages\/816"}],"collection":[{"href":"http:\/\/optim-conseil.fr\/dev\/index.php\/wp-json\/wp\/v2\/pages"}],"about":[{"href":"http:\/\/optim-conseil.fr\/dev\/index.php\/wp-json\/wp\/v2\/types\/page"}],"author":[{"embeddable":true,"href":"http:\/\/optim-conseil.fr\/dev\/index.php\/wp-json\/wp\/v2\/users\/1"}],"replies":[{"embeddable":true,"href":"http:\/\/optim-conseil.fr\/dev\/index.php\/wp-json\/wp\/v2\/comments?post=816"}],"version-history":[{"count":107,"href":"http:\/\/optim-conseil.fr\/dev\/index.php\/wp-json\/wp\/v2\/pages\/816\/revisions"}],"predecessor-version":[{"id":2763,"href":"http:\/\/optim-conseil.fr\/dev\/index.php\/wp-json\/wp\/v2\/pages\/816\/revisions\/2763"}],"wp:attachment":[{"href":"http:\/\/optim-conseil.fr\/dev\/index.php\/wp-json\/wp\/v2\/media?parent=816"}],"curies":[{"name":"wp","href":"https:\/\/api.w.org\/{rel}","templated":true}]}}